{"id":987527824,"date":"2026-02-08T17:21:44","date_gmt":"2026-02-08T17:21:44","guid":{"rendered":"https:\/\/cubaodc.org\/?page_id=987527824"},"modified":"2026-04-11T09:21:26","modified_gmt":"2026-04-11T09:21:26","slug":"que-hacemos","status":"publish","type":"page","link":"https:\/\/cubaodc.org\/index.php\/que-hacemos\/","title":{"rendered":"Qu\u00e9 hacemos"},"content":{"rendered":"<p>[et_pb_section fb_built=&#8221;1&#8243; _builder_version=&#8221;4.27.5&#8243; background_color=&#8221;#2f56a2&#8243; background_image=&#8221;https:\/\/cubaodc.org\/wp-content\/uploads\/2026\/02\/Home-Que-hacemos_Mesa-de-trabajo-1-scaled.jpg&#8221; background_size=&#8221;custom&#8221; background_image_width=&#8221;100%&#8221; background_image_height=&#8221;0%&#8221; background_position=&#8221;bottom_center&#8221; background_vertical_offset=&#8221;12%&#8221; custom_padding=&#8221;80px||80px||true|false&#8221; global_colors_info=&#8221;{}&#8221;][et_pb_row _builder_version=&#8221;4.27.5&#8243; global_colors_info=&#8221;{}&#8221;][et_pb_column type=&#8221;4_4&#8243; _builder_version=&#8221;4.27.5&#8243; global_colors_info=&#8221;{}&#8221;][et_pb_text _builder_version=&#8221;4.27.5&#8243; text_font=&#8221;League Gothic||||||||&#8221; header_font=&#8221;League Gothic||||||||&#8221; header_text_align=&#8221;center&#8221; header_text_color=&#8221;#ffffff&#8221; header_font_size=&#8221;48px&#8221; header_line_height=&#8221;1.2em&#8221; text_orientation=&#8221;center&#8221; custom_margin=&#8221;166px||-60px|-42px|false|false&#8221; global_colors_info=&#8221;{}&#8221;]<\/p>\n<h1 style=\"text-align: left;\">\u00bfQu\u00e9 hacemos?<\/h1>\n<p>[\/et_pb_text][\/et_pb_column][\/et_pb_row][\/et_pb_section][et_pb_section fb_built=&#8221;1&#8243; _builder_version=&#8221;4.27.5&#8243; background_color=&#8221;#ffffff&#8221; custom_padding=&#8221;60px||60px||true|false&#8221; global_colors_info=&#8221;{}&#8221;][et_pb_row column_structure=&#8221;1_2,1_2&#8243; use_custom_gutter=&#8221;on&#8221; gutter_width=&#8221;4&#8243; _builder_version=&#8221;4.27.5&#8243; global_colors_info=&#8221;{}&#8221;][et_pb_column type=&#8221;1_2&#8243; _builder_version=&#8221;4.27.5&#8243; global_colors_info=&#8221;{}&#8221;][et_pb_image src=&#8221;https:\/\/cubaodc.org\/wp-content\/uploads\/2026\/02\/Que-hacemos_Mesa-de-trabajo-1.jpg&#8221; title_text=&#8221;Que hacemos_Mesa de trabajo 1&#8243; align=&#8221;center&#8221; _builder_version=&#8221;4.27.5&#8243; border_radii=&#8221;on|10px|10px|10px|10px&#8221; global_colors_info=&#8221;{}&#8221;][\/et_pb_image][\/et_pb_column][et_pb_column type=&#8221;1_2&#8243; _builder_version=&#8221;4.27.5&#8243; vertical_offset=&#8221;180px&#8221; global_colors_info=&#8221;{}&#8221;][et_pb_text _builder_version=&#8221;4.27.5&#8243; text_font=&#8221;Poppins||||||||&#8221; text_text_color=&#8221;#3b3b3b&#8221; text_font_size=&#8221;16px&#8221; text_line_height=&#8221;1.6em&#8221; custom_margin=&#8221;||20px||false|false&#8221; hover_enabled=&#8221;0&#8243; global_colors_info=&#8221;{}&#8221; sticky_enabled=&#8221;0&#8243;]<\/p>\n<p>Conservaci\u00f3n y validaci\u00f3n de<br \/>la herencia cultural cubana<\/p>\n<p>[\/et_pb_text][et_pb_button button_text=&#8221;Ver M\u00e1s&#8221; button_alignment=&#8221;left&#8221; _builder_version=&#8221;4.27.5&#8243; custom_button=&#8221;on&#8221; button_text_color=&#8221;#ffffff&#8221; button_bg_color=&#8221;#2f56a2&#8243; button_border_radius=&#8221;10px&#8221; button_font=&#8221;Poppins||||||||&#8221; global_colors_info=&#8221;{}&#8221;][\/et_pb_button][\/et_pb_column][\/et_pb_row][\/et_pb_section][et_pb_section fb_built=&#8221;1&#8243; _builder_version=&#8221;4.27.5&#8243; background_color=&#8221;#f8f8f8&#8243; custom_padding=&#8221;60px||60px||true|false&#8221; global_colors_info=&#8221;{}&#8221;][et_pb_row column_structure=&#8221;1_2,1_2&#8243; use_custom_gutter=&#8221;on&#8221; gutter_width=&#8221;4&#8243; _builder_version=&#8221;4.27.5&#8243; global_colors_info=&#8221;{}&#8221;][et_pb_column type=&#8221;1_2&#8243; _builder_version=&#8221;4.27.5&#8243; vertical_offset=&#8221;180px&#8221; global_colors_info=&#8221;{}&#8221;][et_pb_text _builder_version=&#8221;4.27.5&#8243; text_font=&#8221;Poppins||||||||&#8221; text_text_color=&#8221;#3b3b3b&#8221; text_font_size=&#8221;16px&#8221; text_line_height=&#8221;1.6em&#8221; custom_margin=&#8221;||20px||false|false&#8221; custom_padding=&#8221;||0px|||&#8221; global_colors_info=&#8221;{}&#8221;]<\/p>\n<p style=\"text-align: right;\">Memoria hist\u00f3rica negada<br \/>por el totalitarismo<\/p>\n<p>[\/et_pb_text][et_pb_button button_text=&#8221;Ver M\u00e1s&#8221; button_alignment=&#8221;right&#8221; _builder_version=&#8221;4.27.5&#8243; custom_button=&#8221;on&#8221; button_text_color=&#8221;#ffffff&#8221; button_bg_color=&#8221;#2f56a2&#8243; button_border_radius=&#8221;10px&#8221; button_font=&#8221;Poppins||||||||&#8221; global_colors_info=&#8221;{}&#8221;][\/et_pb_button][\/et_pb_column][et_pb_column type=&#8221;1_2&#8243; _builder_version=&#8221;4.27.5&#8243; global_colors_info=&#8221;{}&#8221;][et_pb_image src=&#8221;https:\/\/cubaodc.org\/wp-content\/uploads\/2026\/02\/Que-hacemos_Mesa-de-trabajo-1-copia-4.jpg&#8221; title_text=&#8221;Que hacemos_Mesa de trabajo 1 copia 4&#8243; align=&#8221;center&#8221; _builder_version=&#8221;4.27.5&#8243; border_radii=&#8221;on|10px|10px|10px|10px&#8221; global_colors_info=&#8221;{}&#8221;][\/et_pb_image][\/et_pb_column][\/et_pb_row][\/et_pb_section][et_pb_section fb_built=&#8221;1&#8243; _builder_version=&#8221;4.27.5&#8243; background_color=&#8221;#ffffff&#8221; custom_padding=&#8221;60px||60px||true|false&#8221; global_colors_info=&#8221;{}&#8221;][et_pb_row column_structure=&#8221;1_2,1_2&#8243; use_custom_gutter=&#8221;on&#8221; gutter_width=&#8221;4&#8243; _builder_version=&#8221;4.27.5&#8243; global_colors_info=&#8221;{}&#8221;][et_pb_column type=&#8221;1_2&#8243; _builder_version=&#8221;4.27.5&#8243; global_colors_info=&#8221;{}&#8221;][et_pb_image src=&#8221;https:\/\/cubaodc.org\/wp-content\/uploads\/2026\/02\/Que-hacemos_Mesa-de-trabajo-1-copia-3.jpg&#8221; title_text=&#8221;Que hacemos_Mesa de trabajo 1 copia 3&#8243; align=&#8221;center&#8221; _builder_version=&#8221;4.27.5&#8243; border_radii=&#8221;on|10px|10px|10px|10px&#8221; global_colors_info=&#8221;{}&#8221;][\/et_pb_image][\/et_pb_column][et_pb_column type=&#8221;1_2&#8243; _builder_version=&#8221;4.27.5&#8243; vertical_offset=&#8221;180px&#8221; global_colors_info=&#8221;{}&#8221;][et_pb_text _builder_version=&#8221;4.27.5&#8243; text_font=&#8221;Poppins||||||||&#8221; text_text_color=&#8221;#3b3b3b&#8221; text_font_size=&#8221;16px&#8221; text_line_height=&#8221;1.6em&#8221; custom_margin=&#8221;||20px||false|false&#8221; hover_enabled=&#8221;0&#8243; global_colors_info=&#8221;{}&#8221; sticky_enabled=&#8221;0&#8243;]<\/p>\n<p>Gesti\u00f3n curatorial del arte<br \/>independiente<\/p>\n<p>[\/et_pb_text][et_pb_button button_text=&#8221;Ver M\u00e1s&#8221; button_alignment=&#8221;left&#8221; _builder_version=&#8221;4.27.5&#8243; custom_button=&#8221;on&#8221; button_text_color=&#8221;#ffffff&#8221; button_bg_color=&#8221;#2f56a2&#8243; button_border_radius=&#8221;10px&#8221; button_font=&#8221;Poppins||||||||&#8221; global_colors_info=&#8221;{}&#8221;][\/et_pb_button][\/et_pb_column][\/et_pb_row][\/et_pb_section][et_pb_section fb_built=&#8221;1&#8243; _builder_version=&#8221;4.27.5&#8243; background_color=&#8221;#ffffff&#8221; custom_padding=&#8221;60px||60px||true|false&#8221; global_colors_info=&#8221;{}&#8221;][et_pb_row column_structure=&#8221;1_2,1_2&#8243; use_custom_gutter=&#8221;on&#8221; gutter_width=&#8221;4&#8243; _builder_version=&#8221;4.27.5&#8243; global_colors_info=&#8221;{}&#8221;][et_pb_column type=&#8221;1_2&#8243; _builder_version=&#8221;4.27.5&#8243; vertical_offset=&#8221;180px&#8221; global_colors_info=&#8221;{}&#8221;][et_pb_text _builder_version=&#8221;4.27.5&#8243; text_font=&#8221;Poppins||||||||&#8221; text_text_color=&#8221;#3b3b3b&#8221; text_font_size=&#8221;16px&#8221; text_line_height=&#8221;1.6em&#8221; custom_margin=&#8221;||20px||false|false&#8221; custom_padding=&#8221;||0px|||&#8221; global_colors_info=&#8221;{}&#8221;]<\/p>\n<p style=\"text-align: right;\">como estrategia contra el<br \/>aislamiento social<\/p>\n<p>[\/et_pb_text][et_pb_button button_text=&#8221;Ver M\u00e1s&#8221; button_alignment=&#8221;right&#8221; _builder_version=&#8221;4.27.5&#8243; custom_button=&#8221;on&#8221; button_text_color=&#8221;#ffffff&#8221; button_bg_color=&#8221;#2f56a2&#8243; button_border_radius=&#8221;10px&#8221; button_font=&#8221;Poppins||||||||&#8221; global_colors_info=&#8221;{}&#8221;][\/et_pb_button][\/et_pb_column][et_pb_column type=&#8221;1_2&#8243; _builder_version=&#8221;4.27.5&#8243; global_colors_info=&#8221;{}&#8221;][et_pb_image src=&#8221;https:\/\/cubaodc.org\/wp-content\/uploads\/2026\/02\/Que-hacemos_Mesa-de-trabajo-1-copia-2-1.jpg&#8221; title_text=&#8221;Que hacemos_Mesa de trabajo 1 copia 2&#8243; align=&#8221;center&#8221; _builder_version=&#8221;4.27.5&#8243; border_radii=&#8221;on|10px|10px|10px|10px&#8221; global_colors_info=&#8221;{}&#8221;][\/et_pb_image][\/et_pb_column][\/et_pb_row][et_pb_row column_structure=&#8221;1_2,1_2&#8243; use_custom_gutter=&#8221;on&#8221; gutter_width=&#8221;4&#8243; _builder_version=&#8221;4.27.5&#8243; global_colors_info=&#8221;{}&#8221;][et_pb_column type=&#8221;1_2&#8243; _builder_version=&#8221;4.27.5&#8243; global_colors_info=&#8221;{}&#8221;][et_pb_image src=&#8221;https:\/\/cubaodc.org\/wp-content\/uploads\/2026\/02\/Que-hacemos_Mesa-de-trabajo-1-copia.jpg&#8221; title_text=&#8221;Que hacemos_Mesa de trabajo 1 copia&#8221; align=&#8221;center&#8221; _builder_version=&#8221;4.27.5&#8243; border_radii=&#8221;on|10px|10px|10px|10px&#8221; global_colors_info=&#8221;{}&#8221;][\/et_pb_image][\/et_pb_column][et_pb_column type=&#8221;1_2&#8243; _builder_version=&#8221;4.27.5&#8243; vertical_offset=&#8221;180px&#8221; global_colors_info=&#8221;{}&#8221;][et_pb_text _builder_version=&#8221;4.27.5&#8243; text_font=&#8221;Poppins||||||||&#8221; text_text_color=&#8221;#3b3b3b&#8221; text_font_size=&#8221;16px&#8221; text_line_height=&#8221;1.6em&#8221; custom_margin=&#8221;||20px||false|false&#8221; global_colors_info=&#8221;{}&#8221;]Proveer de herramientas<br \/>asociadas al derecho de autor[\/et_pb_text][et_pb_button button_text=&#8221;Ver M\u00e1s&#8221; button_alignment=&#8221;left&#8221; _builder_version=&#8221;4.27.5&#8243; custom_button=&#8221;on&#8221; button_text_color=&#8221;#ffffff&#8221; button_bg_color=&#8221;#2f56a2&#8243; button_border_radius=&#8221;10px&#8221; button_font=&#8221;Poppins||||||||&#8221; global_colors_info=&#8221;{}&#8221;][\/et_pb_button][\/et_pb_column][\/et_pb_row][\/et_pb_section][et_pb_section fb_built=&#8221;1&#8243; _builder_version=&#8221;4.27.5&#8243; background_color=&#8221;#f8f8f8&#8243; custom_padding=&#8221;60px||60px||true|false&#8221; global_colors_info=&#8221;{}&#8221;][et_pb_row column_structure=&#8221;1_2,1_2&#8243; use_custom_gutter=&#8221;on&#8221; gutter_width=&#8221;4&#8243; _builder_version=&#8221;4.27.5&#8243; global_colors_info=&#8221;{}&#8221;][et_pb_column type=&#8221;1_2&#8243; _builder_version=&#8221;4.27.5&#8243; vertical_offset=&#8221;180px&#8221; global_colors_info=&#8221;{}&#8221;][et_pb_text _builder_version=&#8221;4.27.5&#8243; text_font=&#8221;Poppins||||||||&#8221; text_text_color=&#8221;#3b3b3b&#8221; text_font_size=&#8221;16px&#8221; text_line_height=&#8221;1.6em&#8221; custom_margin=&#8221;||20px||false|false&#8221; custom_padding=&#8221;||0px|||&#8221; global_colors_info=&#8221;{}&#8221;]<\/p>\n<p style=\"text-align: right;\">para generar cultura de<br \/>respeto a la creaci\u00f3n art\u00edstica<\/p>\n<p>[\/et_pb_text][et_pb_button button_text=&#8221;Ver M\u00e1s&#8221; button_alignment=&#8221;right&#8221; _builder_version=&#8221;4.27.5&#8243; custom_button=&#8221;on&#8221; button_text_color=&#8221;#ffffff&#8221; button_bg_color=&#8221;#2f56a2&#8243; button_border_radius=&#8221;10px&#8221; button_font=&#8221;Poppins||||||||&#8221; global_colors_info=&#8221;{}&#8221;][\/et_pb_button][\/et_pb_column][et_pb_column type=&#8221;1_2&#8243; _builder_version=&#8221;4.27.5&#8243; global_colors_info=&#8221;{}&#8221;][et_pb_image src=&#8221;https:\/\/cubaodc.org\/wp-content\/uploads\/2026\/02\/Que-hacemos_Mesa-de-trabajo-1-copia-19.jpg&#8221; title_text=&#8221;Que hacemos_Mesa de trabajo 1 copia 19&#8243; align=&#8221;center&#8221; _builder_version=&#8221;4.27.5&#8243; border_radii=&#8221;on|10px|10px|10px|10px&#8221; global_colors_info=&#8221;{}&#8221;][\/et_pb_image][\/et_pb_column][\/et_pb_row][\/et_pb_section][et_pb_section fb_built=&#8221;1&#8243; _builder_version=&#8221;4.27.5&#8243; background_color=&#8221;#ffffff&#8221; custom_padding=&#8221;60px||60px||true|false&#8221; global_colors_info=&#8221;{}&#8221;][et_pb_row column_structure=&#8221;1_2,1_2&#8243; use_custom_gutter=&#8221;on&#8221; gutter_width=&#8221;4&#8243; _builder_version=&#8221;4.27.5&#8243; global_colors_info=&#8221;{}&#8221;][et_pb_column type=&#8221;1_2&#8243; _builder_version=&#8221;4.27.5&#8243; global_colors_info=&#8221;{}&#8221;][et_pb_image src=&#8221;https:\/\/cubaodc.org\/wp-content\/uploads\/2026\/02\/Que-hacemos_Mesa-de-trabajo-1-copia-20.jpg&#8221; title_text=&#8221;Que hacemos_Mesa de trabajo 1 copia 20&#8243; align=&#8221;center&#8221; _builder_version=&#8221;4.27.5&#8243; border_radii=&#8221;on|10px|10px|10px|10px&#8221; global_colors_info=&#8221;{}&#8221;][\/et_pb_image][\/et_pb_column][et_pb_column type=&#8221;1_2&#8243; _builder_version=&#8221;4.27.5&#8243; vertical_offset=&#8221;180px&#8221; global_colors_info=&#8221;{}&#8221;][et_pb_text _builder_version=&#8221;4.27.5&#8243; text_font=&#8221;Poppins||||||||&#8221; text_text_color=&#8221;#3b3b3b&#8221; text_font_size=&#8221;16px&#8221; text_line_height=&#8221;1.6em&#8221; custom_margin=&#8221;||20px||false|false&#8221; global_colors_info=&#8221;{}&#8221;]Incidir en actores internacionales del<br \/>\u00e1mbito de los derechos culturales[\/et_pb_text][et_pb_button button_text=&#8221;Ver M\u00e1s&#8221; button_alignment=&#8221;left&#8221; _builder_version=&#8221;4.27.5&#8243; custom_button=&#8221;on&#8221; button_text_color=&#8221;#ffffff&#8221; button_bg_color=&#8221;#2f56a2&#8243; button_border_radius=&#8221;10px&#8221; button_font=&#8221;Poppins||||||||&#8221; global_colors_info=&#8221;{}&#8221;][\/et_pb_button][\/et_pb_column][\/et_pb_row][\/et_pb_section][et_pb_section fb_built=&#8221;1&#8243; _builder_version=&#8221;4.27.5&#8243; background_color=&#8221;#f8f8f8&#8243; custom_padding=&#8221;60px||60px||true|false&#8221; global_colors_info=&#8221;{}&#8221;][et_pb_row column_structure=&#8221;1_2,1_2&#8243; use_custom_gutter=&#8221;on&#8221; gutter_width=&#8221;4&#8243; _builder_version=&#8221;4.27.5&#8243; global_colors_info=&#8221;{}&#8221;][et_pb_column type=&#8221;1_2&#8243; _builder_version=&#8221;4.27.5&#8243; vertical_offset=&#8221;180px&#8221; global_colors_info=&#8221;{}&#8221;][et_pb_text _builder_version=&#8221;4.27.5&#8243; text_font=&#8221;Poppins||||||||&#8221; text_text_color=&#8221;#3b3b3b&#8221; text_font_size=&#8221;16px&#8221; text_line_height=&#8221;1.6em&#8221; custom_margin=&#8221;||20px||false|false&#8221; custom_padding=&#8221;||0px|||&#8221; global_colors_info=&#8221;{}&#8221;]<\/p>\n<p style=\"text-align: right;\">Fomentar pr\u00e1cticas culturales<br \/>orientadas a la inclusi\u00f3n social<\/p>\n<p>[\/et_pb_text][et_pb_button button_text=&#8221;Ver M\u00e1s&#8221; button_alignment=&#8221;right&#8221; _builder_version=&#8221;4.27.5&#8243; custom_button=&#8221;on&#8221; button_text_color=&#8221;#ffffff&#8221; button_bg_color=&#8221;#2f56a2&#8243; button_border_radius=&#8221;10px&#8221; button_font=&#8221;Poppins||||||||&#8221; global_colors_info=&#8221;{}&#8221;][\/et_pb_button][\/et_pb_column][et_pb_column type=&#8221;1_2&#8243; _builder_version=&#8221;4.27.5&#8243; global_colors_info=&#8221;{}&#8221;][et_pb_image src=&#8221;https:\/\/cubaodc.org\/wp-content\/uploads\/2026\/02\/Que-hacemos_Mesa-de-trabajo-1-copia-21.jpg&#8221; title_text=&#8221;Que hacemos_Mesa de trabajo 1 copia 21&#8243; align=&#8221;center&#8221; _builder_version=&#8221;4.27.5&#8243; border_radii=&#8221;on|10px|10px|10px|10px&#8221; global_colors_info=&#8221;{}&#8221;][\/et_pb_image][\/et_pb_column][\/et_pb_row][\/et_pb_section][et_pb_section fb_built=&#8221;1&#8243; _builder_version=&#8221;4.27.5&#8243; background_color=&#8221;#ffffff&#8221; custom_padding=&#8221;60px||60px||true|false&#8221; global_colors_info=&#8221;{}&#8221;][et_pb_row column_structure=&#8221;1_2,1_2&#8243; use_custom_gutter=&#8221;on&#8221; gutter_width=&#8221;4&#8243; _builder_version=&#8221;4.27.5&#8243; global_colors_info=&#8221;{}&#8221;][et_pb_column type=&#8221;1_2&#8243; _builder_version=&#8221;4.27.5&#8243; global_colors_info=&#8221;{}&#8221;][et_pb_image src=&#8221;https:\/\/cubaodc.org\/wp-content\/uploads\/2026\/02\/Que-hacemos_Mesa-de-trabajo-1-copia-22.jpg&#8221; title_text=&#8221;Que hacemos_Mesa de trabajo 1 copia 22&#8243; align=&#8221;center&#8221; _builder_version=&#8221;4.27.5&#8243; border_radii=&#8221;on|10px|10px|10px|10px&#8221; global_colors_info=&#8221;{}&#8221;][\/et_pb_image][\/et_pb_column][et_pb_column type=&#8221;1_2&#8243; _builder_version=&#8221;4.27.5&#8243; vertical_offset=&#8221;180px&#8221; global_colors_info=&#8221;{}&#8221;][et_pb_text _builder_version=&#8221;4.27.5&#8243; text_font=&#8221;Poppins||||||||&#8221; text_text_color=&#8221;#3b3b3b&#8221; text_font_size=&#8221;16px&#8221; text_line_height=&#8221;1.6em&#8221; custom_margin=&#8221;||20px||false|false&#8221; global_colors_info=&#8221;{}&#8221;]<\/p>\n<p>con vistas a un eventual escenario<br \/>de transici\u00f3n democr\u00e1tica en Cuba<\/p>\n<p>[\/et_pb_text][et_pb_button button_text=&#8221;Ver M\u00e1s&#8221; button_alignment=&#8221;left&#8221; _builder_version=&#8221;4.27.5&#8243; custom_button=&#8221;on&#8221; button_text_color=&#8221;#ffffff&#8221; button_bg_color=&#8221;#2f56a2&#8243; button_border_radius=&#8221;10px&#8221; button_font=&#8221;Poppins||||||||&#8221; global_colors_info=&#8221;{}&#8221;][\/et_pb_button][\/et_pb_column][\/et_pb_row][\/et_pb_section]<\/p>\n","protected":false},"excerpt":{"rendered":"<p>\u00bfQu\u00e9 hacemos?Conservaci\u00f3n y validaci\u00f3n dela herencia cultural cubanaMemoria hist\u00f3rica negadapor el totalitarismoGesti\u00f3n curatorial del arteindependientecomo estrategia contra elaislamiento socialProveer de herramientasasociadas al derecho de autorpara generar cultura derespeto a la creaci\u00f3n art\u00edsticaIncidir en actores internacionales del\u00e1mbito de los derechos culturalesFomentar pr\u00e1cticas culturalesorientadas a la inclusi\u00f3n socialcon vistas a un eventual escenariode transici\u00f3n democr\u00e1tica en Cuba<\/p>\n","protected":false},"author":1,"featured_media":0,"parent":0,"menu_order":0,"comment_status":"closed","ping_status":"closed","template":"","meta":{"_et_pb_use_builder":"on","_et_pb_old_content":"","_et_gb_content_width":"","footnotes":""},"class_list":["post-987527824","page","type-page","status-publish","hentry"],"_links":{"self":[{"href":"https:\/\/cubaodc.org\/index.php\/wp-json\/wp\/v2\/pages\/987527824","targetHints":{"allow":["GET"]}}],"collection":[{"href":"https:\/\/cubaodc.org\/index.php\/wp-json\/wp\/v2\/pages"}],"about":[{"href":"https:\/\/cubaodc.org\/index.php\/wp-json\/wp\/v2\/types\/page"}],"author":[{"embeddable":true,"href":"https:\/\/cubaodc.org\/index.php\/wp-json\/wp\/v2\/users\/1"}],"replies":[{"embeddable":true,"href":"https:\/\/cubaodc.org\/index.php\/wp-json\/wp\/v2\/comments?post=987527824"}],"version-history":[{"count":16,"href":"https:\/\/cubaodc.org\/index.php\/wp-json\/wp\/v2\/pages\/987527824\/revisions"}],"predecessor-version":[{"id":987527951,"href":"https:\/\/cubaodc.org\/index.php\/wp-json\/wp\/v2\/pages\/987527824\/revisions\/987527951"}],"wp:attachment":[{"href":"https:\/\/cubaodc.org\/index.php\/wp-json\/wp\/v2\/media?parent=987527824"}],"curies":[{"name":"wp","href":"https:\/\/api.w.org\/{rel}","templated":true}]}}